{"id":29,"date":"2023-11-05T17:16:58","date_gmt":"2023-11-05T17:16:58","guid":{"rendered":"https:\/\/nuevamente.alexdesarrolla.com\/?page_id=29"},"modified":"2023-11-05T20:22:17","modified_gmt":"2023-11-05T20:22:17","slug":"inicio","status":"publish","type":"page","link":"https:\/\/farandulaagarrate.com\/","title":{"rendered":"Inicio"},"content":{"rendered":"<p><!-- link opening --><br \/>\n                <a href=\"#\"><br \/>\n                <!-- end link opening --><br \/>\n                    <img loading=\"lazy\" decoding=\"async\" width=\"45\" height=\"38\" src=\"https:\/\/nuevamente.alexdesarrolla.com\/wp-content\/uploads\/2023\/11\/Element-1.png\" alt=\"\" \/><br \/>\n                    Tendencia<br \/>\n                <\/a><\/p>\n<style>\/*! elementor - v3.17.0 - 01-11-2023 *\/\n.elementor-column .elementor-spacer-inner{height:var(--spacer-size)}.e-con{--container-widget-width:100%}.e-con-inner>.elementor-widget-spacer,.e-con>.elementor-widget-spacer{width:var(--container-widget-width,var(--spacer-size));--align-self:var(--container-widget-align-self,initial);--flex-shrink:0}.e-con-inner>.elementor-widget-spacer>.elementor-widget-container,.e-con>.elementor-widget-spacer>.elementor-widget-container{height:100%;width:100%}.e-con-inner>.elementor-widget-spacer>.elementor-widget-container>.elementor-spacer,.e-con>.elementor-widget-spacer>.elementor-widget-container>.elementor-spacer{height:100%}.e-con-inner>.elementor-widget-spacer>.elementor-widget-container>.elementor-spacer>.elementor-spacer-inner,.e-con>.elementor-widget-spacer>.elementor-widget-container>.elementor-spacer>.elementor-spacer-inner{height:var(--container-widget-height,var(--spacer-size))}.e-con-inner>.elementor-widget-spacer.elementor-widget-empty,.e-con>.elementor-widget-spacer.elementor-widget-empty{position:relative;min-height:22px;min-width:22px}.e-con-inner>.elementor-widget-spacer.elementor-widget-empty .elementor-widget-empty-icon,.e-con>.elementor-widget-spacer.elementor-widget-empty .elementor-widget-empty-icon{position:absolute;top:0;bottom:0;left:0;right:0;margin:auto;padding:0;width:22px;height:22px}<\/style>\n<style>\/*! elementor - v3.17.0 - 01-11-2023 *\/\n.elementor-heading-title{padding:0;margin:0;line-height:1}.elementor-widget-heading .elementor-heading-title[class*=elementor-size-]>a{color:inherit;font-size:inherit;line-height:inherit}.elementor-widget-heading .elementor-heading-title.elementor-size-small{font-size:15px}.elementor-widget-heading .elementor-heading-title.elementor-size-medium{font-size:19px}.elementor-widget-heading .elementor-heading-title.elementor-size-large{font-size:29px}.elementor-widget-heading .elementor-heading-title.elementor-size-xl{font-size:39px}.elementor-widget-heading .elementor-heading-title.elementor-size-xxl{font-size:59px}<\/style>\n<h2>Categor\u00edas<\/h2>\n<h2>Ent\u00e9rate de lo ultimo<\/h2>\n<p>Descubre lo \u00faltimo en el mundo del entretenimiento en nuestra secci\u00f3n &#8216;Categor\u00edas de Noticias&#8217; de la revista de far\u00e1ndula &#8216;Ag\u00e1rrate&#8217;. Noticias, chismes y tendencias de tus celebridades favoritas en un solo lugar.<\/p>\n<style>\/*! elementor - v3.17.0 - 01-11-2023 *\/\n.elementor-widget-divider{--divider-border-style:none;--divider-border-width:1px;--divider-color:#0c0d0e;--divider-icon-size:20px;--divider-element-spacing:10px;--divider-pattern-height:24px;--divider-pattern-size:20px;--divider-pattern-url:none;--divider-pattern-repeat:repeat-x}.elementor-widget-divider .elementor-divider{display:flex}.elementor-widget-divider .elementor-divider__text{font-size:15px;line-height:1;max-width:95%}.elementor-widget-divider .elementor-divider__element{margin:0 var(--divider-element-spacing);flex-shrink:0}.elementor-widget-divider .elementor-icon{font-size:var(--divider-icon-size)}.elementor-widget-divider .elementor-divider-separator{display:flex;margin:0;direction:ltr}.elementor-widget-divider--view-line_icon .elementor-divider-separator,.elementor-widget-divider--view-line_text .elementor-divider-separator{align-items:center}.elementor-widget-divider--view-line_icon .elementor-divider-separator:after,.elementor-widget-divider--view-line_icon .elementor-divider-separator:before,.elementor-widget-divider--view-line_text .elementor-divider-separator:after,.elementor-widget-divider--view-line_text .elementor-divider-separator:before{display:block;content:\"\";border-bottom:0;flex-grow:1;border-top:var(--divider-border-width) var(--divider-border-style) var(--divider-color)}.elementor-widget-divider--element-align-left .elementor-divider .elementor-divider-separator>.elementor-divider__svg:first-of-type{flex-grow:0;flex-shrink:100}.elementor-widget-divider--element-align-left .elementor-divider-separator:before{content:none}.elementor-widget-divider--element-align-left .elementor-divider__element{margin-left:0}.elementor-widget-divider--element-align-right .elementor-divider .elementor-divider-separator>.elementor-divider__svg:last-of-type{flex-grow:0;flex-shrink:100}.elementor-widget-divider--element-align-right .elementor-divider-separator:after{content:none}.elementor-widget-divider--element-align-right .elementor-divider__element{margin-right:0}.elementor-widget-divider:not(.elementor-widget-divider--view-line_text):not(.elementor-widget-divider--view-line_icon) .elementor-divider-separator{border-top:var(--divider-border-width) var(--divider-border-style) var(--divider-color)}.elementor-widget-divider--separator-type-pattern{--divider-border-style:none}.elementor-widget-divider--separator-type-pattern.elementor-widget-divider--view-line .elementor-divider-separator,.elementor-widget-divider--separator-type-pattern:not(.elementor-widget-divider--view-line) .elementor-divider-separator:after,.elementor-widget-divider--separator-type-pattern:not(.elementor-widget-divider--view-line) .elementor-divider-separator:before,.elementor-widget-divider--separator-type-pattern:not([class*=elementor-widget-divider--view]) .elementor-divider-separator{width:100%;min-height:var(--divider-pattern-height);-webkit-mask-size:var(--divider-pattern-size) 100%;mask-size:var(--divider-pattern-size) 100%;-webkit-mask-repeat:var(--divider-pattern-repeat);mask-repeat:var(--divider-pattern-repeat);background-color:var(--divider-color);-webkit-mask-image:var(--divider-pattern-url);mask-image:var(--divider-pattern-url)}.elementor-widget-divider--no-spacing{--divider-pattern-size:auto}.elementor-widget-divider--bg-round{--divider-pattern-repeat:round}.rtl .elementor-widget-divider .elementor-divider__text{direction:rtl}.e-con-inner>.elementor-widget-divider,.e-con>.elementor-widget-divider{width:var(--container-widget-width,100%);--flex-grow:var(--container-widget-flex-grow)}<\/style>\n<link rel=\"stylesheet\" href=\"https:\/\/nuevamente.alexdesarrolla.com\/wp-content\/plugins\/elementor-pro\/assets\/css\/widget-call-to-action.min.css\">\n<h2>\n\t\t\t\t\t\tFamosos\t\t\t\t\t<\/h2>\n<p>\t\t\t\t\t<a><br \/>\n\t\t\t\t\t\tVer todo\t\t\t\t\t<\/a><\/p>\n<h2>\n\t\t\t\t\t\tM\u00fasica\t\t\t\t\t<\/h2>\n<p>\t\t\t\t\t<a><br \/>\n\t\t\t\t\t\tVer todo\t\t\t\t\t<\/a><\/p>\n<h2>\n\t\t\t\t\t\tCine\t\t\t\t\t<\/h2>\n<p>\t\t\t\t\t<a><br \/>\n\t\t\t\t\t\tVer todo\t\t\t\t\t<\/a><\/p>\n<h2>\n\t\t\t\t\t\tTelevisi\u00f3n\t\t\t\t\t<\/h2>\n<p>\t\t\t\t\t<a><br \/>\n\t\t\t\t\t\tVer todo\t\t\t\t\t<\/a><br \/>\n\t\t\t\tUltimas noticias<br \/>\n\t\t\t<a href=\"#\"><br \/>\n\t\t\t\t\t\tVer todas<br \/>\n\t\t\t\t\t<\/a><\/p>\n<h2>Banner publicitario<\/h2>\n<h2>Titulo <\/h2>\n<p>Descripci\u00f3n de banner publicitario<\/p>\n<p>\t\t\t<a href=\"#\"><br \/>\n\t\t\t\t\t\tVer m\u00e1s<br \/>\n\t\t\t\t\t<\/a><\/p>\n<style>\/*! elementor - v3.17.0 - 01-11-2023 *\/\n.elementor-widget-image{text-align:center}.elementor-widget-image a{display:inline-block}.elementor-widget-image a img[src$=\".svg\"]{width:48px}.elementor-widget-image img{vertical-align:middle;display:inline-block}<\/style>\n<p>\t\t\t\t\t\t\t\t\t\t\t\t<img loading=\"lazy\" decoding=\"async\" width=\"1500\" height=\"1046\" src=\"https:\/\/nuevamente.alexdesarrolla.com\/wp-content\/uploads\/2023\/11\/equipo-de-noticias.webp\" alt=\"equipo de noticias\" srcset=\"https:\/\/nuevamente.alexdesarrolla.com\/wp-content\/uploads\/2023\/11\/equipo-de-noticias.webp 1500w, https:\/\/nuevamente.alexdesarrolla.com\/wp-content\/uploads\/2023\/11\/equipo-de-noticias-300x209.webp 300w, https:\/\/nuevamente.alexdesarrolla.com\/wp-content\/uploads\/2023\/11\/equipo-de-noticias-1024x714.webp 1024w, https:\/\/nuevamente.alexdesarrolla.com\/wp-content\/uploads\/2023\/11\/equipo-de-noticias-768x536.webp 768w\" sizes=\"auto, (max-width: 1500px) 100vw, 1500px\" \/>\t\t\t\t\t\t\t\t\t\t\t\t\t\t\t<\/p>\n<p>Con un equipo apasionado y experto en la far\u00e1ndula, &#8216;Ag\u00e1rrate&#8217; se esfuerza por ser tu fuente confiable de informaci\u00f3n y entretenimiento en un solo lugar.<\/p>\n<h2>Nosotros<\/h2>\n<p>Somos una empresa dedicada a la creaci\u00f3n y publicaci\u00f3n de contenidos relacionados con el mundo del entretenimiento y la far\u00e1ndula. Nuestra misi\u00f3n es mantener a nuestros lectores informados sobre las \u00faltimas noticias, eventos y tendencias en el mundo del espect\u00e1culo, as\u00ed como ofrecer una dosis de entretenimiento y diversi\u00f3n. Desde entrevistas exclusivas con celebridades hasta rese\u00f1as de pel\u00edculas, conciertos y eventos, estamos comprometidos en proporcionar a nuestro p\u00fablico una visi\u00f3n completa y entretenida de la industria del entretenimiento.<\/p>\n","protected":false},"excerpt":{"rendered":"<p>Tendencia Categor\u00edas Ent\u00e9rate de lo ultimo Descubre lo \u00faltimo en el mundo del entretenimiento en nuestra secci\u00f3n &#8216;Categor\u00edas de Noticias&#8217; de la revista de far\u00e1ndula &#8216;Ag\u00e1rrate&#8217;. Noticias, chismes y tendencias de tus celebridades favoritas en un solo lugar. Famosos Ver todo M\u00fasica Ver todo Cine Ver todo Televisi\u00f3n Ver todo Ultimas noticias Ver todas Banner [&hellip;]<\/p>\n","protected":false},"author":1,"featured_media":0,"parent":0,"menu_order":0,"comment_status":"closed","ping_status":"closed","template":"elementor_header_footer","meta":{"footnotes":""},"class_list":["post-29","page","type-page","status-publish","hentry"],"_links":{"self":[{"href":"https:\/\/farandulaagarrate.com\/index.php?rest_route=\/wp\/v2\/pages\/29","targetHints":{"allow":["GET"]}}],"collection":[{"href":"https:\/\/farandulaagarrate.com\/index.php?rest_route=\/wp\/v2\/pages"}],"about":[{"href":"https:\/\/farandulaagarrate.com\/index.php?rest_route=\/wp\/v2\/types\/page"}],"author":[{"embeddable":true,"href":"https:\/\/farandulaagarrate.com\/index.php?rest_route=\/wp\/v2\/users\/1"}],"replies":[{"embeddable":true,"href":"https:\/\/farandulaagarrate.com\/index.php?rest_route=%2Fwp%2Fv2%2Fcomments&post=29"}],"version-history":[{"count":115,"href":"https:\/\/farandulaagarrate.com\/index.php?rest_route=\/wp\/v2\/pages\/29\/revisions"}],"predecessor-version":[{"id":335,"href":"https:\/\/farandulaagarrate.com\/index.php?rest_route=\/wp\/v2\/pages\/29\/revisions\/335"}],"wp:attachment":[{"href":"https:\/\/farandulaagarrate.com\/index.php?rest_route=%2Fwp%2Fv2%2Fmedia&parent=29"}],"curies":[{"name":"wp","href":"https:\/\/api.w.org\/{rel}","templated":true}]}}